{"id":112,"date":"2023-03-31T17:04:58","date_gmt":"2023-03-31T15:04:58","guid":{"rendered":"https:\/\/www.reuderb-reinigung.de\/?page_id=112"},"modified":"2023-04-20T16:13:06","modified_gmt":"2023-04-20T14:13:06","slug":"baureinigung","status":"publish","type":"page","link":"https:\/\/www.reuderb-reinigung.de\/?page_id=112","title":{"rendered":"Baureinigung"},"content":{"rendered":"\n<div class=\"wp-block-group alignfull is-layout-constrained wp-container-core-group-is-layout-e555385e wp-block-group-is-layout-constrained\">\n<main class=\"wp-block-group alignfull no-margin no-padding has-background-background-color has-background is-layout-constrained wp-container-core-group-is-layout-2d60acc0 wp-block-group-is-layout-constrained\" style=\"padding-top:80px;padding-right:30px;padding-bottom:80px;padding-left:30px\">\n<div class=\"wp-block-group alignfull is-layout-constrained wp-container-core-group-is-layout-e555385e wp-block-group-is-layout-constrained\">\n<figure class=\"wp-block-pullquote\"><blockquote><p>&#8222;Eine professionelle Baureinigung stellt sicher, dass das Objekt in einwandfreiem Zustand an den Kunden oder die Nutzer \u00fcbergeben werden kann. Hier kommen wir ins Spiel.&#8220;<\/p><cite>&#8211; Reuderb<\/cite><\/blockquote><\/figure>\n\n\n\n<div class=\"wp-block-columns is-layout-flex wp-container-core-columns-is-layout-28f84493 wp-block-columns-is-layout-flex\">\n<div class=\"wp-block-column is-vertically-aligned-center is-layout-flow wp-block-column-is-layout-flow\">\n<h2 class=\"wp-block-heading\">Baureinigung<\/h2>\n<\/div>\n\n\n\n<div class=\"wp-block-column is-vertically-aligned-center is-layout-flow wp-block-column-is-layout-flow\">\n<p>ReuDerb ist bestens geeignet f\u00fcr die Baureinigung, da wir \u00fcber langj\u00e4hrige Erfahrung und Fachwissen in diesem Bereich verf\u00fcgen. Unsere gut ausgebildeten Mitarbeiter wissen genau, wie sie mit den verschiedenen Materialien und Oberfl\u00e4chen umgehen m\u00fcssen, um ein optimales Ergebnis zu erzielen. Wir setzen modernste Reinigungstechniken und -mittel ein, um auch hartn\u00e4ckige Verschmutzungen zu entfernen.<\/p>\n<\/div>\n<\/div>\n\n\n\n<div class=\"wp-block-group alignfull is-layout-constrained wp-container-core-group-is-layout-e555385e wp-block-group-is-layout-constrained\">\n<main class=\"wp-block-group alignfull no-margin no-padding has-background-background-color has-background is-layout-constrained wp-container-core-group-is-layout-2d60acc0 wp-block-group-is-layout-constrained\" style=\"padding-top:80px;padding-right:30px;padding-bottom:80px;padding-left:30px\">\n<figure class=\"wp-block-gallery alignwide has-nested-images columns-default is-cropped wp-block-gallery-1 is-layout-flex wp-block-gallery-is-layout-flex\">\n<figure class=\"wp-block-image size-large\"><img loading=\"lazy\" decoding=\"async\" width=\"1024\" height=\"681\" data-id=\"58\" src=\"https:\/\/www.reuderb-reinigung.de\/wp-content\/uploads\/2023\/03\/effort-fatigue-young-adult-tired-man-protective-helmet-bright-vest-with-special-equipment-working-construction-site-against-background-new-building-1024x681.jpg\" alt=\"\" class=\"wp-image-58\" srcset=\"https:\/\/www.reuderb-reinigung.de\/wp-content\/uploads\/2023\/03\/effort-fatigue-young-adult-tired-man-protective-helmet-bright-vest-with-special-equipment-working-construction-site-against-background-new-building-1024x681.jpg 1024w, https:\/\/www.reuderb-reinigung.de\/wp-content\/uploads\/2023\/03\/effort-fatigue-young-adult-tired-man-protective-helmet-bright-vest-with-special-equipment-working-construction-site-against-background-new-building-300x200.jpg 300w, https:\/\/www.reuderb-reinigung.de\/wp-content\/uploads\/2023\/03\/effort-fatigue-young-adult-tired-man-protective-helmet-bright-vest-with-special-equipment-working-construction-site-against-background-new-building-768x511.jpg 768w, https:\/\/www.reuderb-reinigung.de\/wp-content\/uploads\/2023\/03\/effort-fatigue-young-adult-tired-man-protective-helmet-bright-vest-with-special-equipment-working-construction-site-against-background-new-building-1536x1022.jpg 1536w, https:\/\/www.reuderb-reinigung.de\/wp-content\/uploads\/2023\/03\/effort-fatigue-young-adult-tired-man-protective-helmet-bright-vest-with-special-equipment-working-construction-site-against-background-new-building-2048x1363.jpg 2048w\" sizes=\"auto, (max-width: 1024px) 100vw, 1024px\" \/><\/figure>\n\n\n\n<figure class=\"wp-block-image size-large\"><img loading=\"lazy\" decoding=\"async\" width=\"1024\" height=\"681\" data-id=\"57\" src=\"https:\/\/www.reuderb-reinigung.de\/wp-content\/uploads\/2023\/03\/cleaning-woman-wearing-mask-1024x681.jpg\" alt=\"\" class=\"wp-image-57\" srcset=\"https:\/\/www.reuderb-reinigung.de\/wp-content\/uploads\/2023\/03\/cleaning-woman-wearing-mask-1024x681.jpg 1024w, https:\/\/www.reuderb-reinigung.de\/wp-content\/uploads\/2023\/03\/cleaning-woman-wearing-mask-300x200.jpg 300w, https:\/\/www.reuderb-reinigung.de\/wp-content\/uploads\/2023\/03\/cleaning-woman-wearing-mask-768x511.jpg 768w, https:\/\/www.reuderb-reinigung.de\/wp-content\/uploads\/2023\/03\/cleaning-woman-wearing-mask-1536x1022.jpg 1536w, https:\/\/www.reuderb-reinigung.de\/wp-content\/uploads\/2023\/03\/cleaning-woman-wearing-mask-2048x1363.jpg 2048w\" sizes=\"auto, (max-width: 1024px) 100vw, 1024px\" \/><\/figure>\n\n\n\n<figure class=\"wp-block-image size-large\"><img loading=\"lazy\" decoding=\"async\" width=\"1024\" height=\"683\" data-id=\"9\" src=\"https:\/\/www.reuderb-reinigung.de\/wp-content\/uploads\/2023\/03\/building-cleaner-gc245ca1fc_1920-1024x683.jpg\" alt=\"\" class=\"wp-image-9\" srcset=\"https:\/\/www.reuderb-reinigung.de\/wp-content\/uploads\/2023\/03\/building-cleaner-gc245ca1fc_1920-1024x683.jpg 1024w, https:\/\/www.reuderb-reinigung.de\/wp-content\/uploads\/2023\/03\/building-cleaner-gc245ca1fc_1920-300x200.jpg 300w, https:\/\/www.reuderb-reinigung.de\/wp-content\/uploads\/2023\/03\/building-cleaner-gc245ca1fc_1920-768x512.jpg 768w, https:\/\/www.reuderb-reinigung.de\/wp-content\/uploads\/2023\/03\/building-cleaner-gc245ca1fc_1920-1536x1024.jpg 1536w, https:\/\/www.reuderb-reinigung.de\/wp-content\/uploads\/2023\/03\/building-cleaner-gc245ca1fc_1920.jpg 1920w\" sizes=\"auto, (max-width: 1024px) 100vw, 1024px\" \/><\/figure>\n<\/figure>\n<\/main>\n<\/div>\n\n\n\n<div class=\"wp-block-columns is-layout-flex wp-container-core-columns-is-layout-28f84493 wp-block-columns-is-layout-flex\">\n<div class=\"wp-block-column is-vertically-aligned-center is-layout-flow wp-block-column-is-layout-flow\">\n<h2 class=\"wp-block-heading\">Sorgfalt &amp; Effizienz<\/h2>\n<\/div>\n\n\n\n<div class=\"wp-block-column is-layout-flow wp-block-column-is-layout-flow\">\n<p>Bei der Baureinigung arbeiten wir sehr sorgf\u00e4ltig und effizient, um das Objekt schnellstm\u00f6glich wieder bezugsfertig zu machen. Wir achten dabei auch auf die Einhaltung von Sicherheitsstandards, um Unf\u00e4lle auf der Baustelle zu vermeiden. Unser Ziel ist es, die Kunden zufrieden zu stellen und ihnen eine schnelle, zuverl\u00e4ssige und gr\u00fcndliche Baureinigung zu bieten.<\/p>\n<\/div>\n<\/div>\n\n\n\n<div class=\"wp-block-columns is-layout-flex wp-container-core-columns-is-layout-28f84493 wp-block-columns-is-layout-flex\">\n<div class=\"wp-block-column is-layout-flow wp-block-column-is-layout-flow\">\n<p>Zus\u00e4tzlich bieten wir unseren Kunden auch eine umfassende Beratung, um sie bei der Wahl der geeigneten Reinigungsmittel und -verfahren zu unterst\u00fctzen. Wir legen gro\u00dfen Wert auf eine transparente Kommunikation und halten unsere Kunden jederzeit \u00fcber den Fortschritt der Reinigungsarbeiten auf dem Laufenden.<\/p>\n<\/div>\n\n\n\n<div class=\"wp-block-column is-vertically-aligned-center is-layout-flow wp-block-column-is-layout-flow\">\n<h2 class=\"wp-block-heading\">Beratung<\/h2>\n<\/div>\n<\/div>\n\n\n\n<div class=\"wp-block-columns is-layout-flex wp-container-core-columns-is-layout-28f84493 wp-block-columns-is-layout-flex\">\n<div class=\"wp-block-column is-vertically-aligned-center is-layout-flow wp-block-column-is-layout-flow\">\n<h2 class=\"wp-block-heading\">Die ideale Wahl<\/h2>\n<\/div>\n\n\n\n<div class=\"wp-block-column is-layout-flow wp-block-column-is-layout-flow\">\n<p>Insgesamt sind wir \u00fcberzeugt, dass unser Unternehmen die ideale Wahl f\u00fcr die Baureinigung ist. Mit unserer Erfahrung, Fachkompetenz und unserem Engagement f\u00fcr Qualit\u00e4t und Kundenzufriedenheit sind wir ein zuverl\u00e4ssiger Partner f\u00fcr alle Arten von Bauprojekten.<\/p>\n<\/div>\n<\/div>\n<\/div>\n<\/main>\n<\/div>\n\n\n\n<div class=\"wp-block-cover alignfull\"><span aria-hidden=\"true\" class=\"wp-block-cover__background has-dark-blue-background-color has-background-dim-90 has-background-dim\"><\/span><img decoding=\"async\" class=\"wp-block-cover__image-background wp-image-1118\" alt=\"\" src=\"https:\/\/www.reuderb-reinigung.de\/wp-content\/themes\/paloma-fse\/assets\/images\/cta-banner.jpg\" style=\"object-position:53% 26%\" data-object-fit=\"cover\" data-object-position=\"53% 26%\"\/><div class=\"wp-block-cover__inner-container is-layout-flow wp-block-cover-is-layout-flow\">\n<div class=\"wp-block-group alignwide is-layout-constrained wp-block-group-is-layout-constrained\">\n<div class=\"wp-block-group alignfull has-background-color has-text-color is-layout-constrained wp-container-core-group-is-layout-2a9cb287 wp-block-group-is-layout-constrained\" style=\"padding-top:150px;padding-bottom:150px\">\n<h2 class=\"wp-block-heading alignwide has-text-align-center\" style=\"font-size:4.5rem\">Lassen Sie uns gemeinsam f\u00fcr Sauberkeit und Wohlbefinden sorgen!<\/h2>\n\n\n\n<div class=\"wp-block-group is-layout-flow wp-container-core-group-is-layout-7fc58d7a wp-block-group-is-layout-flow\" style=\"padding-top:10px\">\n<div class=\"wp-block-buttons is-content-justification-center is-layout-flex wp-container-core-buttons-is-layout-660f9ef0 wp-block-buttons-is-layout-flex\" style=\"margin-top:40px\">\n<div class=\"wp-block-button\"><a class=\"wp-block-button__link wp-element-button\">Jetzt Kontaktieren<\/a><\/div>\n<\/div>\n<\/div>\n<\/div>\n<\/div>\n<\/div><\/div>\n","protected":false},"excerpt":{"rendered":"<p>&#8222;Eine professionelle Baureinigung stellt sicher, dass das Objekt in einwandfreiem Zustand an den Kunden oder [&hellip;]<\/p>\n","protected":false},"author":1,"featured_media":0,"parent":79,"menu_order":0,"comment_status":"closed","ping_status":"closed","template":"page-no-title","meta":{"footnotes":""},"class_list":["post-112","page","type-page","status-publish","hentry"],"_links":{"self":[{"href":"https:\/\/www.reuderb-reinigung.de\/index.php?rest_route=\/wp\/v2\/pages\/112","targetHints":{"allow":["GET"]}}],"collection":[{"href":"https:\/\/www.reuderb-reinigung.de\/index.php?rest_route=\/wp\/v2\/pages"}],"about":[{"href":"https:\/\/www.reuderb-reinigung.de\/index.php?rest_route=\/wp\/v2\/types\/page"}],"author":[{"embeddable":true,"href":"https:\/\/www.reuderb-reinigung.de\/index.php?rest_route=\/wp\/v2\/users\/1"}],"replies":[{"embeddable":true,"href":"https:\/\/www.reuderb-reinigung.de\/index.php?rest_route=%2Fwp%2Fv2%2Fcomments&post=112"}],"version-history":[{"count":4,"href":"https:\/\/www.reuderb-reinigung.de\/index.php?rest_route=\/wp\/v2\/pages\/112\/revisions"}],"predecessor-version":[{"id":156,"href":"https:\/\/www.reuderb-reinigung.de\/index.php?rest_route=\/wp\/v2\/pages\/112\/revisions\/156"}],"up":[{"embeddable":true,"href":"https:\/\/www.reuderb-reinigung.de\/index.php?rest_route=\/wp\/v2\/pages\/79"}],"wp:attachment":[{"href":"https:\/\/www.reuderb-reinigung.de\/index.php?rest_route=%2Fwp%2Fv2%2Fmedia&parent=112"}],"curies":[{"name":"wp","href":"https:\/\/api.w.org\/{rel}","templated":true}]}}