{"id":119,"date":"2023-04-03T14:54:21","date_gmt":"2023-04-03T12:54:21","guid":{"rendered":"https:\/\/www.reuderb-reinigung.de\/?page_id=119"},"modified":"2023-04-20T16:05:46","modified_gmt":"2023-04-20T14:05:46","slug":"lueftungsanlagen","status":"publish","type":"page","link":"https:\/\/www.reuderb-reinigung.de\/?page_id=119","title":{"rendered":"L\u00fcftungsanlagen"},"content":{"rendered":"\n<div class=\"wp-block-group alignfull is-layout-constrained wp-container-core-group-is-layout-e555385e wp-block-group-is-layout-constrained\">\n<figure class=\"wp-block-pullquote\"><blockquote><p>&#8222;Die Reinigung von L\u00fcftungsanlagen ist nicht nur eine Frage der Hygiene, sondern auch der Sicherheit &amp; Energieeffizienz.&#8220;<\/p><cite>&#8211; Unser motto<\/cite><\/blockquote><\/figure>\n\n\n\n<div class=\"wp-block-columns is-layout-flex wp-container-core-columns-is-layout-28f84493 wp-block-columns-is-layout-flex\">\n<div class=\"wp-block-column is-vertically-aligned-center is-layout-flow wp-block-column-is-layout-flow\">\n<h2 class=\"wp-block-heading\">Reinigung von L\u00fcftungsanlagen<\/h2>\n<\/div>\n\n\n\n<div class=\"wp-block-column is-vertically-aligned-center is-layout-flow wp-block-column-is-layout-flow\">\n<p>Wenn Sie eine professionelle Reinigung Ihrer L\u00fcftungsanlage ben\u00f6tigen, z\u00f6gern Sie nicht, uns zu kontaktieren. Wir bieten Inspektion, Reinigung, Reparatur und Wartung von L\u00fcftungsanlagen an und helfen Ihnen dabei, eine saubere und gesunde Umgebung in Ihrem Geb\u00e4ude zu schaffen. Kontaktieren Sie uns noch heute, um eine kostenlose Beratung und ein individuelles Angebot zu erhalten. Wir freuen uns darauf, mit Ihnen zusammenzuarbeiten!<\/p>\n<\/div>\n<\/div>\n\n\n\n<div class=\"wp-block-group alignfull is-layout-constrained wp-container-core-group-is-layout-e555385e wp-block-group-is-layout-constrained\">\n<main class=\"wp-block-group alignfull no-margin no-padding has-background-background-color has-background is-layout-constrained wp-container-core-group-is-layout-2d60acc0 wp-block-group-is-layout-constrained\" style=\"padding-top:80px;padding-right:30px;padding-bottom:80px;padding-left:30px\">\n<figure class=\"wp-block-gallery alignwide has-nested-images columns-default is-cropped wp-block-gallery-1 is-layout-flex wp-block-gallery-is-layout-flex\">\n<figure class=\"wp-block-image size-large\"><img loading=\"lazy\" decoding=\"async\" width=\"1024\" height=\"683\" data-id=\"123\" src=\"https:\/\/www.reuderb-reinigung.de\/wp-content\/uploads\/2023\/04\/smoke-pipe-industry-factory-1024x683.jpg\" alt=\"\" class=\"wp-image-123\" srcset=\"https:\/\/www.reuderb-reinigung.de\/wp-content\/uploads\/2023\/04\/smoke-pipe-industry-factory-1024x683.jpg 1024w, https:\/\/www.reuderb-reinigung.de\/wp-content\/uploads\/2023\/04\/smoke-pipe-industry-factory-300x200.jpg 300w, https:\/\/www.reuderb-reinigung.de\/wp-content\/uploads\/2023\/04\/smoke-pipe-industry-factory-768x512.jpg 768w, https:\/\/www.reuderb-reinigung.de\/wp-content\/uploads\/2023\/04\/smoke-pipe-industry-factory-1536x1024.jpg 1536w, https:\/\/www.reuderb-reinigung.de\/wp-content\/uploads\/2023\/04\/smoke-pipe-industry-factory-2048x1365.jpg 2048w\" sizes=\"auto, (max-width: 1024px) 100vw, 1024px\" \/><\/figure>\n\n\n\n<figure class=\"wp-block-image size-large\"><img loading=\"lazy\" decoding=\"async\" width=\"1024\" height=\"731\" data-id=\"122\" src=\"https:\/\/www.reuderb-reinigung.de\/wp-content\/uploads\/2023\/04\/3d-rendering-ventilation-system-1024x731.jpg\" alt=\"\" class=\"wp-image-122\" srcset=\"https:\/\/www.reuderb-reinigung.de\/wp-content\/uploads\/2023\/04\/3d-rendering-ventilation-system-1024x731.jpg 1024w, https:\/\/www.reuderb-reinigung.de\/wp-content\/uploads\/2023\/04\/3d-rendering-ventilation-system-300x214.jpg 300w, https:\/\/www.reuderb-reinigung.de\/wp-content\/uploads\/2023\/04\/3d-rendering-ventilation-system-768x549.jpg 768w, https:\/\/www.reuderb-reinigung.de\/wp-content\/uploads\/2023\/04\/3d-rendering-ventilation-system-1536x1097.jpg 1536w, https:\/\/www.reuderb-reinigung.de\/wp-content\/uploads\/2023\/04\/3d-rendering-ventilation-system-2048x1463.jpg 2048w\" sizes=\"auto, (max-width: 1024px) 100vw, 1024px\" \/><\/figure>\n\n\n\n<figure class=\"wp-block-image size-large\"><img loading=\"lazy\" decoding=\"async\" width=\"1024\" height=\"683\" data-id=\"59\" src=\"https:\/\/www.reuderb-reinigung.de\/wp-content\/uploads\/2023\/03\/full-shot-man-working-with-equipment-1024x683.jpg\" alt=\"\" class=\"wp-image-59\" srcset=\"https:\/\/www.reuderb-reinigung.de\/wp-content\/uploads\/2023\/03\/full-shot-man-working-with-equipment-1024x683.jpg 1024w, https:\/\/www.reuderb-reinigung.de\/wp-content\/uploads\/2023\/03\/full-shot-man-working-with-equipment-300x200.jpg 300w, https:\/\/www.reuderb-reinigung.de\/wp-content\/uploads\/2023\/03\/full-shot-man-working-with-equipment-768x512.jpg 768w, https:\/\/www.reuderb-reinigung.de\/wp-content\/uploads\/2023\/03\/full-shot-man-working-with-equipment-1536x1024.jpg 1536w, https:\/\/www.reuderb-reinigung.de\/wp-content\/uploads\/2023\/03\/full-shot-man-working-with-equipment-2048x1365.jpg 2048w\" sizes=\"auto, (max-width: 1024px) 100vw, 1024px\" \/><\/figure>\n<\/figure>\n<\/main>\n<\/div>\n\n\n\n<div class=\"wp-block-columns is-layout-flex wp-container-core-columns-is-layout-28f84493 wp-block-columns-is-layout-flex\">\n<div class=\"wp-block-column is-vertically-aligned-center is-layout-flow wp-block-column-is-layout-flow\">\n<h2 class=\"wp-block-heading\">Inspektion<\/h2>\n<\/div>\n\n\n\n<div class=\"wp-block-column is-layout-flow wp-block-column-is-layout-flow\">\n<p>Hier wird die L\u00fcftungsanlage auf M\u00e4ngel, Verschmutzungen und andere Probleme \u00fcberpr\u00fcft und bewertet.<\/p>\n<\/div>\n<\/div>\n\n\n\n<div class=\"wp-block-columns is-layout-flex wp-container-core-columns-is-layout-28f84493 wp-block-columns-is-layout-flex\">\n<div class=\"wp-block-column is-layout-flow wp-block-column-is-layout-flow\">\n<p>In diesem Schritt wird die L\u00fcftungsanlage gr\u00fcndlich gereinigt, um Staub, Schmutz, Bakterien und Schimmelpilze zu entfernen.<\/p>\n<\/div>\n\n\n\n<div class=\"wp-block-column is-vertically-aligned-center is-layout-flow wp-block-column-is-layout-flow\">\n<h2 class=\"wp-block-heading\">Reinigung<\/h2>\n<\/div>\n<\/div>\n\n\n\n<div class=\"wp-block-columns is-layout-flex wp-container-core-columns-is-layout-28f84493 wp-block-columns-is-layout-flex\">\n<div class=\"wp-block-column is-vertically-aligned-center is-layout-flow wp-block-column-is-layout-flow\">\n<h2 class=\"wp-block-heading\">Wartung<\/h2>\n<\/div>\n\n\n\n<div class=\"wp-block-column is-layout-flow wp-block-column-is-layout-flow\">\n<p>Eine regelm\u00e4\u00dfige Wartung der L\u00fcftungsanlage hilft dabei, Probleme fr\u00fchzeitig zu erkennen und zu beheben, bevor sie zu gr\u00f6\u00dferen Problemen f\u00fchren.<\/p>\n<\/div>\n<\/div>\n<\/div>\n\n\n\n<div class=\"wp-block-cover alignfull\"><span aria-hidden=\"true\" class=\"wp-block-cover__background has-dark-blue-background-color has-background-dim-90 has-background-dim\"><\/span><img decoding=\"async\" class=\"wp-block-cover__image-background wp-image-1118\" alt=\"\" src=\"https:\/\/www.reuderb-reinigung.de\/wp-content\/themes\/paloma-fse\/assets\/images\/cta-banner.jpg\" style=\"object-position:53% 26%\" data-object-fit=\"cover\" data-object-position=\"53% 26%\"\/><div class=\"wp-block-cover__inner-container is-layout-flow wp-block-cover-is-layout-flow\">\n<div class=\"wp-block-group alignwide is-layout-constrained wp-block-group-is-layout-constrained\">\n<div class=\"wp-block-group alignfull has-background-color has-text-color is-layout-constrained wp-container-core-group-is-layout-2a9cb287 wp-block-group-is-layout-constrained\" style=\"padding-top:150px;padding-bottom:150px\">\n<h2 class=\"wp-block-heading alignwide has-text-align-center\" style=\"font-size:4.5rem\">Lassen Sie uns gemeinsam f\u00fcr Sauberkeit und Wohlbefinden sorgen!<\/h2>\n\n\n\n<div class=\"wp-block-group is-layout-flow wp-container-core-group-is-layout-7fc58d7a wp-block-group-is-layout-flow\" style=\"padding-top:10px\">\n<div class=\"wp-block-buttons is-content-justification-center is-layout-flex wp-container-core-buttons-is-layout-660f9ef0 wp-block-buttons-is-layout-flex\" style=\"margin-top:40px\">\n<div class=\"wp-block-button\"><a class=\"wp-block-button__link wp-element-button\">Jetzt Kontaktieren<\/a><\/div>\n<\/div>\n<\/div>\n<\/div>\n<\/div>\n<\/div><\/div>\n","protected":false},"excerpt":{"rendered":"<p>&#8222;Die Reinigung von L\u00fcftungsanlagen ist nicht nur eine Frage der Hygiene, sondern auch der Sicherheit [&hellip;]<\/p>\n","protected":false},"author":1,"featured_media":120,"parent":0,"menu_order":0,"comment_status":"closed","ping_status":"closed","template":"page-no-title","meta":{"footnotes":""},"class_list":["post-119","page","type-page","status-publish","has-post-thumbnail","hentry"],"_links":{"self":[{"href":"https:\/\/www.reuderb-reinigung.de\/index.php?rest_route=\/wp\/v2\/pages\/119","targetHints":{"allow":["GET"]}}],"collection":[{"href":"https:\/\/www.reuderb-reinigung.de\/index.php?rest_route=\/wp\/v2\/pages"}],"about":[{"href":"https:\/\/www.reuderb-reinigung.de\/index.php?rest_route=\/wp\/v2\/types\/page"}],"author":[{"embeddable":true,"href":"https:\/\/www.reuderb-reinigung.de\/index.php?rest_route=\/wp\/v2\/users\/1"}],"replies":[{"embeddable":true,"href":"https:\/\/www.reuderb-reinigung.de\/index.php?rest_route=%2Fwp%2Fv2%2Fcomments&post=119"}],"version-history":[{"count":10,"href":"https:\/\/www.reuderb-reinigung.de\/index.php?rest_route=\/wp\/v2\/pages\/119\/revisions"}],"predecessor-version":[{"id":154,"href":"https:\/\/www.reuderb-reinigung.de\/index.php?rest_route=\/wp\/v2\/pages\/119\/revisions\/154"}],"wp:featuredmedia":[{"embeddable":true,"href":"https:\/\/www.reuderb-reinigung.de\/index.php?rest_route=\/wp\/v2\/media\/120"}],"wp:attachment":[{"href":"https:\/\/www.reuderb-reinigung.de\/index.php?rest_route=%2Fwp%2Fv2%2Fmedia&parent=119"}],"curies":[{"name":"wp","href":"https:\/\/api.w.org\/{rel}","templated":true}]}}