{"id":160,"date":"2023-04-20T16:31:38","date_gmt":"2023-04-20T14:31:38","guid":{"rendered":"https:\/\/www.reuderb-reinigung.de\/?page_id=160"},"modified":"2023-04-20T16:40:27","modified_gmt":"2023-04-20T14:40:27","slug":"industriereinigung","status":"publish","type":"page","link":"https:\/\/www.reuderb-reinigung.de\/?page_id=160","title":{"rendered":"Industriereinigung"},"content":{"rendered":"\n<figure class=\"wp-block-pullquote\"><blockquote><p>&#8222;Industriereinigung ist wie Wartung f\u00fcr Ihre Produktionsanlagen &#8211; sie sorgt f\u00fcr eine reibungslose Funktion und verhindert unerwartete Ausf\u00e4lle, um kontinuierliche Produktivit\u00e4t zu gew\u00e4hrleisten.&#8220;<\/p><cite>&#8211; reuderb<\/cite><\/blockquote><\/figure>\n\n\n\n<div class=\"wp-block-columns is-layout-flex wp-container-core-columns-is-layout-28f84493 wp-block-columns-is-layout-flex\">\n<div class=\"wp-block-column is-vertically-aligned-center is-layout-flow wp-block-column-is-layout-flow\">\n<h2 class=\"wp-block-heading\">Industriereinigung<\/h2>\n<\/div>\n\n\n\n<div class=\"wp-block-column is-layout-flow wp-block-column-is-layout-flow\">\n<p>Unser Unternehmen ist auf die Industriereinigung spezialisiert und bietet eine breite Palette von Reinigungsdienstleistungen f\u00fcr Produktionsanlagen und Maschinen an. Wir arbeiten eng mit unseren Kunden zusammen, um individuelle L\u00f6sungen f\u00fcr ihre spezifischen Reinigungsbed\u00fcrfnisse zu entwickeln. Mit unseren erfahrenen Mitarbeitern und unserem Engagement f\u00fcr Qualit\u00e4t &amp; Kundenzufriedenheit sind wir ein vertrauensw\u00fcrdiger Partner f\u00fcr zuverl\u00e4ssige und professionelle Industriereinigung.<\/p>\n<\/div>\n<\/div>\n\n\n\n<div class=\"wp-block-group alignfull is-layout-constrained wp-container-core-group-is-layout-e555385e wp-block-group-is-layout-constrained\">\n<main class=\"wp-block-group alignfull no-margin no-padding has-background-background-color has-background is-layout-constrained wp-container-core-group-is-layout-2d60acc0 wp-block-group-is-layout-constrained\" style=\"padding-top:80px;padding-right:30px;padding-bottom:80px;padding-left:30px\">\n<figure class=\"wp-block-gallery alignwide has-nested-images columns-default is-cropped wp-block-gallery-1 is-layout-flex wp-block-gallery-is-layout-flex\">\n<figure class=\"wp-block-image size-large\"><img loading=\"lazy\" decoding=\"async\" width=\"1024\" height=\"681\" data-id=\"140\" src=\"https:\/\/www.reuderb-reinigung.de\/wp-content\/uploads\/2023\/04\/people-taking-care-office-cleaning-2-1-1024x681.jpg\" alt=\"\" class=\"wp-image-140\" srcset=\"https:\/\/www.reuderb-reinigung.de\/wp-content\/uploads\/2023\/04\/people-taking-care-office-cleaning-2-1-1024x681.jpg 1024w, https:\/\/www.reuderb-reinigung.de\/wp-content\/uploads\/2023\/04\/people-taking-care-office-cleaning-2-1-300x200.jpg 300w, https:\/\/www.reuderb-reinigung.de\/wp-content\/uploads\/2023\/04\/people-taking-care-office-cleaning-2-1-768x511.jpg 768w, https:\/\/www.reuderb-reinigung.de\/wp-content\/uploads\/2023\/04\/people-taking-care-office-cleaning-2-1-1536x1022.jpg 1536w, https:\/\/www.reuderb-reinigung.de\/wp-content\/uploads\/2023\/04\/people-taking-care-office-cleaning-2-1-2048x1362.jpg 2048w\" sizes=\"auto, (max-width: 1024px) 100vw, 1024px\" \/><\/figure>\n\n\n\n<figure class=\"wp-block-image size-large\"><img loading=\"lazy\" decoding=\"async\" width=\"1024\" height=\"681\" data-id=\"138\" src=\"https:\/\/www.reuderb-reinigung.de\/wp-content\/uploads\/2023\/04\/people-taking-care-office-cleaning-3-1-1024x681.jpg\" alt=\"\" class=\"wp-image-138\" srcset=\"https:\/\/www.reuderb-reinigung.de\/wp-content\/uploads\/2023\/04\/people-taking-care-office-cleaning-3-1-1024x681.jpg 1024w, https:\/\/www.reuderb-reinigung.de\/wp-content\/uploads\/2023\/04\/people-taking-care-office-cleaning-3-1-300x200.jpg 300w, https:\/\/www.reuderb-reinigung.de\/wp-content\/uploads\/2023\/04\/people-taking-care-office-cleaning-3-1-768x511.jpg 768w, https:\/\/www.reuderb-reinigung.de\/wp-content\/uploads\/2023\/04\/people-taking-care-office-cleaning-3-1-1536x1022.jpg 1536w, https:\/\/www.reuderb-reinigung.de\/wp-content\/uploads\/2023\/04\/people-taking-care-office-cleaning-3-1-2048x1363.jpg 2048w\" sizes=\"auto, (max-width: 1024px) 100vw, 1024px\" \/><\/figure>\n\n\n\n<figure class=\"wp-block-image size-large\"><img loading=\"lazy\" decoding=\"async\" width=\"1024\" height=\"681\" data-id=\"139\" src=\"https:\/\/www.reuderb-reinigung.de\/wp-content\/uploads\/2023\/04\/person-taking-care-office-cleaning-1024x681.jpg\" alt=\"\" class=\"wp-image-139\" srcset=\"https:\/\/www.reuderb-reinigung.de\/wp-content\/uploads\/2023\/04\/person-taking-care-office-cleaning-1024x681.jpg 1024w, https:\/\/www.reuderb-reinigung.de\/wp-content\/uploads\/2023\/04\/person-taking-care-office-cleaning-300x200.jpg 300w, https:\/\/www.reuderb-reinigung.de\/wp-content\/uploads\/2023\/04\/person-taking-care-office-cleaning-768x511.jpg 768w, https:\/\/www.reuderb-reinigung.de\/wp-content\/uploads\/2023\/04\/person-taking-care-office-cleaning-1536x1022.jpg 1536w, https:\/\/www.reuderb-reinigung.de\/wp-content\/uploads\/2023\/04\/person-taking-care-office-cleaning-2048x1363.jpg 2048w\" sizes=\"auto, (max-width: 1024px) 100vw, 1024px\" \/><\/figure>\n<\/figure>\n<\/main>\n<\/div>\n\n\n\n<div class=\"wp-block-columns is-layout-flex wp-container-core-columns-is-layout-28f84493 wp-block-columns-is-layout-flex\">\n<div class=\"wp-block-column is-layout-flow wp-block-column-is-layout-flow\">\n<h2 class=\"wp-block-heading\">Reinigung von Produktionsanlagen und Maschinen<\/h2>\n<\/div>\n\n\n\n<div class=\"wp-block-column is-layout-flow wp-block-column-is-layout-flow\">\n<p>Wir reinigen Produktionsanlagen und Maschinen mit fortschrittlichen Technologien und Verfahren, um einen reibungslosen Betrieb zu gew\u00e4hrleisten.<\/p>\n<\/div>\n<\/div>\n\n\n\n<div class=\"wp-block-columns is-layout-flex wp-container-core-columns-is-layout-28f84493 wp-block-columns-is-layout-flex\">\n<div class=\"wp-block-column is-layout-flow wp-block-column-is-layout-flow\">\n<p>Unsere Reinigungsdienste f\u00fcr Bodenfl\u00e4chen umfassen die Entfernung von hartn\u00e4ckigem Schmutz, Fett und \u00d6l f\u00fcr eine hygienische und sichere Arbeitsumgebung.<\/p>\n<\/div>\n\n\n\n<div class=\"wp-block-column is-layout-flow wp-block-column-is-layout-flow\">\n<h2 class=\"wp-block-heading\">Reinigung von Bodenfl\u00e4chen<\/h2>\n<\/div>\n<\/div>\n\n\n\n<div class=\"wp-block-columns is-layout-flex wp-container-core-columns-is-layout-28f84493 wp-block-columns-is-layout-flex\">\n<div class=\"wp-block-column is-layout-flow wp-block-column-is-layout-flow\">\n<h2 class=\"wp-block-heading\">Reinigung von L\u00fcftungsanlagen<\/h2>\n<\/div>\n\n\n\n<div class=\"wp-block-column is-layout-flow wp-block-column-is-layout-flow\">\n<p>Wir bieten professionelle Reinigung von L\u00fcftungsanlagen an, um die Luftqualit\u00e4t in Ihrer Einrichtung zu verbessern und den Betrieb so wenig wie m\u00f6glich zu unterbrechen.<\/p>\n<\/div>\n<\/div>\n\n\n\n<div class=\"wp-block-columns is-layout-flex wp-container-core-columns-is-layout-28f84493 wp-block-columns-is-layout-flex\">\n<div class=\"wp-block-column is-layout-flow wp-block-column-is-layout-flow\">\n<p>Unser Unternehmen ist auf Spezialreinigungen f\u00fcr Industrieeinrichtungen spezialisiert, einschlie\u00dflich Reinigung von Chemikalien, K\u00fchlr\u00e4umen und Schimmelentfernung f\u00fcr eine hygienische Arbeitsumgebung.<\/p>\n<\/div>\n\n\n\n<div class=\"wp-block-column is-layout-flow wp-block-column-is-layout-flow\">\n<h2 class=\"wp-block-heading\">Spezialreinigung<\/h2>\n<\/div>\n<\/div>\n\n\n\n<div class=\"wp-block-cover alignfull\"><span aria-hidden=\"true\" class=\"wp-block-cover__background has-dark-blue-background-color has-background-dim-90 has-background-dim\"><\/span><img decoding=\"async\" class=\"wp-block-cover__image-background wp-image-1118\" alt=\"\" src=\"https:\/\/www.reuderb-reinigung.de\/wp-content\/themes\/paloma-fse\/assets\/images\/cta-banner.jpg\" style=\"object-position:53% 26%\" data-object-fit=\"cover\" data-object-position=\"53% 26%\"\/><div class=\"wp-block-cover__inner-container is-layout-flow wp-block-cover-is-layout-flow\">\n<div class=\"wp-block-group alignwide is-layout-constrained wp-block-group-is-layout-constrained\">\n<div class=\"wp-block-group alignfull has-background-color has-text-color is-layout-constrained wp-container-core-group-is-layout-2a9cb287 wp-block-group-is-layout-constrained\" style=\"padding-top:150px;padding-bottom:150px\">\n<h2 class=\"wp-block-heading alignfull has-text-align-center\" style=\"font-size:4.5rem\">Lassen Sie uns gemeinsam f\u00fcr Sauberkeit und Wohlbefinden sorgen!<\/h2>\n\n\n\n<div class=\"wp-block-group is-layout-flow wp-container-core-group-is-layout-7fc58d7a wp-block-group-is-layout-flow\" style=\"padding-top:10px\">\n<div class=\"wp-block-buttons is-content-justification-center is-layout-flex wp-container-core-buttons-is-layout-660f9ef0 wp-block-buttons-is-layout-flex\" style=\"margin-top:40px\">\n<div class=\"wp-block-button\"><a class=\"wp-block-button__link wp-element-button\">Jetzt Kontaktieren<\/a><\/div>\n<\/div>\n<\/div>\n<\/div>\n<\/div>\n<\/div><\/div>\n","protected":false},"excerpt":{"rendered":"<p>&#8222;Industriereinigung ist wie Wartung f\u00fcr Ihre Produktionsanlagen &#8211; sie sorgt f\u00fcr eine reibungslose Funktion und [&hellip;]<\/p>\n","protected":false},"author":1,"featured_media":0,"parent":0,"menu_order":0,"comment_status":"closed","ping_status":"closed","template":"page-no-title","meta":{"footnotes":""},"class_list":["post-160","page","type-page","status-publish","hentry"],"_links":{"self":[{"href":"https:\/\/www.reuderb-reinigung.de\/index.php?rest_route=\/wp\/v2\/pages\/160","targetHints":{"allow":["GET"]}}],"collection":[{"href":"https:\/\/www.reuderb-reinigung.de\/index.php?rest_route=\/wp\/v2\/pages"}],"about":[{"href":"https:\/\/www.reuderb-reinigung.de\/index.php?rest_route=\/wp\/v2\/types\/page"}],"author":[{"embeddable":true,"href":"https:\/\/www.reuderb-reinigung.de\/index.php?rest_route=\/wp\/v2\/users\/1"}],"replies":[{"embeddable":true,"href":"https:\/\/www.reuderb-reinigung.de\/index.php?rest_route=%2Fwp%2Fv2%2Fcomments&post=160"}],"version-history":[{"count":3,"href":"https:\/\/www.reuderb-reinigung.de\/index.php?rest_route=\/wp\/v2\/pages\/160\/revisions"}],"predecessor-version":[{"id":164,"href":"https:\/\/www.reuderb-reinigung.de\/index.php?rest_route=\/wp\/v2\/pages\/160\/revisions\/164"}],"wp:attachment":[{"href":"https:\/\/www.reuderb-reinigung.de\/index.php?rest_route=%2Fwp%2Fv2%2Fmedia&parent=160"}],"curies":[{"name":"wp","href":"https:\/\/api.w.org\/{rel}","templated":true}]}}