{"id":64,"date":"2023-03-21T15:48:35","date_gmt":"2023-03-21T14:48:35","guid":{"rendered":"https:\/\/www.reuderb-reinigung.de\/?page_id=64"},"modified":"2023-04-20T17:04:47","modified_gmt":"2023-04-20T15:04:47","slug":"ueber-uns","status":"publish","type":"page","link":"https:\/\/www.reuderb-reinigung.de\/?page_id=64","title":{"rendered":"\u00dcber Uns"},"content":{"rendered":"\n<p><\/p>\n\n\n\n<hr class=\"wp-block-separator has-css-opacity is-style-default\"\/>\n\n\n\n<figure class=\"wp-block-image aligncenter size-thumbnail is-style-rounded\"><img loading=\"lazy\" decoding=\"async\" width=\"150\" height=\"150\" src=\"https:\/\/www.reuderb-reinigung.de\/wp-content\/uploads\/2023\/03\/two-confident-business-man-shaking-hands-during-meeting-office-success-dealing-greeting-partner-concept-150x150.jpg\" alt=\"\" class=\"wp-image-66\"\/><\/figure>\n\n\n\n<blockquote class=\"wp-block-quote has-text-align-center is-style-large is-layout-flow wp-block-quote-is-layout-flow\">\n<p>\u201eSauberkeit ist nicht nur ein Gebot der Hygiene, <\/p>\n\n\n\n<p>sondern auch eine Visitenkarte f\u00fcr jedes Unternehmen.\u201c<\/p>\n<cite>\u2013 <em>ReuDerb<\/em><\/cite><\/blockquote>\n\n\n\n<hr class=\"wp-block-separator has-css-opacity is-style-default\"\/>\n\n\n\n<div class=\"wp-block-group is-layout-constrained wp-block-group-is-layout-constrained\">\n<div class=\"wp-block-group is-layout-constrained wp-container-core-group-is-layout-19e250f3 wp-block-group-is-layout-constrained\">\n<h3 class=\"wp-block-heading has-text-align-center\">Herzlich willkommen bei ReuDerb &#8211; <\/h3>\n\n\n\n<h4 class=\"wp-block-heading has-text-align-center\">Ihrem kompetenten Partner f\u00fcr Geb\u00e4udereinigung und Baureinigung!<\/h4>\n<\/div>\n<\/div>\n\n\n\n<div class=\"wp-block-group is-content-justification-center is-layout-constrained wp-container-core-group-is-layout-ffce93fd wp-block-group-is-layout-constrained\">\n<p>Wir sind ein erfahrenes Unternehmen, das sich auf Unterhaltsreinigung spezialisiert hat. Mit unserer Expertise in der Baureinigung k\u00f6nnen wir jedoch auch bei besonders anspruchsvollen Projekten die perfekte L\u00f6sung bieten.<\/p>\n\n\n\n<p>Unser Ziel ist es, Ihren Arbeits- oder Wohnbereich immer auf h\u00f6chstem Niveau zu halten. Daf\u00fcr setzen wir auf moderne Reinigungstechnologien und umweltfreundliche Reinigungsmittel. Unser geschultes Personal geht dabei sorgf\u00e4ltig und professionell vor, um ein optimales Ergebnis zu erzielen. Unser Leistungsangebot umfasst unter anderem die Reinigung von B\u00fcros, Arztpraxen, Schulen, Kinderg\u00e4rten und vielem mehr. Auch in der Baureinigung sind wir der ideale Ansprechpartner und unterst\u00fctzen Sie bei der Reinigung von Neubauten, Renovierungen oder Sanierungen.<\/p>\n\n\n\n<p>Dabei legen wir gro\u00dfen Wert auf eine pers\u00f6nliche Beratung und individuelle L\u00f6sungen, die auf Ihre Bed\u00fcrfnisse abgestimmt sind. Wir arbeiten schnell und effizient, damit Sie sich um nichts k\u00fcmmern m\u00fcssen und sich auf Ihre eigentlichen Aufgaben konzentrieren k\u00f6nnen.<\/p>\n\n\n\n<p>\u00dcberzeugen Sie sich selbst von unserer Kompetenz und Erfahrung in der Geb\u00e4udereinigung und Baureinigung. <\/p>\n\n\n\n<p>Wir freuen uns auf Ihre Anfrage und stehen Ihnen gerne zur Verf\u00fcgung!<\/p>\n<\/div>\n\n\n\n<p><\/p>\n\n\n\n<div class=\"wp-block-cover alignfull is-light has-parallax\" style=\"min-height:354px;aspect-ratio:unset;\"><span aria-hidden=\"true\" class=\"wp-block-cover__background has-background-dim-40 has-background-dim\" style=\"background-color:#000000\"><\/span><div role=\"img\" class=\"wp-block-cover__image-background wp-image-72 has-parallax\" style=\"background-position:50% 50%;background-image:url(https:\/\/www.reuderb-reinigung.de\/wp-content\/uploads\/2023\/03\/cleaning-woman-wearing-mask-1-scaled.jpg)\"><\/div><div class=\"wp-block-cover__inner-container is-layout-flow wp-block-cover-is-layout-flow\">\n<h2 class=\"wp-block-heading has-text-align-center alignwide has-white-color has-text-color\" style=\"font-size:48px;line-height:1.2\">Lassen Sie uns gemeinsam f\u00fcr <\/h2>\n\n\n\n<h2 class=\"wp-block-heading has-text-align-center alignwide has-white-color has-text-color\" style=\"font-size:48px;line-height:1.2\">Sauberkeit und Wohlbefinden sorgen!<\/h2>\n\n\n\n<div class=\"wp-block-columns alignwide is-layout-flex wp-container-core-columns-is-layout-28f84493 wp-block-columns-is-layout-flex\">\n<div class=\"wp-block-column is-layout-flow wp-block-column-is-layout-flow\" style=\"flex-basis:60%\">\n<div class=\"wp-block-buttons is-content-justification-right is-layout-flex wp-container-core-buttons-is-layout-d445cf74 wp-block-buttons-is-layout-flex\">\n<div class=\"wp-block-button is-style-outline is-style-outline--1\"><a class=\"wp-block-button__link has-primary-background-color has-text-color has-background wp-element-button\" href=\"https:\/\/www.reuderb-reinigung.de\/?page_id=41\" style=\"color:#ffffff\">Jetzt Kontaktieren!<\/a><\/div>\n<\/div>\n<\/div>\n<\/div>\n<\/div><\/div>\n","protected":false},"excerpt":{"rendered":"<p>\u201eSauberkeit ist nicht nur ein Gebot der Hygiene, sondern auch eine Visitenkarte f\u00fcr jedes Unternehmen.\u201c [&hellip;]<\/p>\n","protected":false},"author":1,"featured_media":0,"parent":0,"menu_order":0,"comment_status":"closed","ping_status":"closed","template":"page-no-title","meta":{"footnotes":""},"class_list":["post-64","page","type-page","status-publish","hentry"],"_links":{"self":[{"href":"https:\/\/www.reuderb-reinigung.de\/index.php?rest_route=\/wp\/v2\/pages\/64","targetHints":{"allow":["GET"]}}],"collection":[{"href":"https:\/\/www.reuderb-reinigung.de\/index.php?rest_route=\/wp\/v2\/pages"}],"about":[{"href":"https:\/\/www.reuderb-reinigung.de\/index.php?rest_route=\/wp\/v2\/types\/page"}],"author":[{"embeddable":true,"href":"https:\/\/www.reuderb-reinigung.de\/index.php?rest_route=\/wp\/v2\/users\/1"}],"replies":[{"embeddable":true,"href":"https:\/\/www.reuderb-reinigung.de\/index.php?rest_route=%2Fwp%2Fv2%2Fcomments&post=64"}],"version-history":[{"count":11,"href":"https:\/\/www.reuderb-reinigung.de\/index.php?rest_route=\/wp\/v2\/pages\/64\/revisions"}],"predecessor-version":[{"id":171,"href":"https:\/\/www.reuderb-reinigung.de\/index.php?rest_route=\/wp\/v2\/pages\/64\/revisions\/171"}],"wp:attachment":[{"href":"https:\/\/www.reuderb-reinigung.de\/index.php?rest_route=%2Fwp%2Fv2%2Fmedia&parent=64"}],"curies":[{"name":"wp","href":"https:\/\/api.w.org\/{rel}","templated":true}]}}