{"id":79,"date":"2023-03-21T16:32:10","date_gmt":"2023-03-21T15:32:10","guid":{"rendered":"https:\/\/www.reuderb-reinigung.de\/?page_id=79"},"modified":"2023-03-21T16:38:16","modified_gmt":"2023-03-21T15:38:16","slug":"dienstleistungen","status":"publish","type":"page","link":"https:\/\/www.reuderb-reinigung.de\/?page_id=79","title":{"rendered":"Dienstleistungen"},"content":{"rendered":"\n<h3 class=\"wp-block-heading\">Professionelle Reinigungsdienstleistungen f\u00fcr alle Bereiche \u2013 Wir sind Ihr zuverl\u00e4ssiger Partner<\/h3>\n\n\n\n<p>Wir bieten Ihnen ein breites Spektrum an professionellen Dienstleistungen, um Ihre R\u00e4umlichkeiten immer auf h\u00f6chstem Niveau zu halten. Von der Unterhaltsreinigung \u00fcber die Baureinigung bis hin zur Reinigung von L\u00fcftungsanlagen, Geb\u00e4udereinigung, Facility Management und Industriereinigung \u2013 wir sind Ihr zuverl\u00e4ssiger Partner.<\/p>\n\n\n\n<p>Unser geschultes Personal geht dabei sorgf\u00e4ltig und professionell vor, um ein optimales Ergebnis zu erzielen. Dabei setzen wir auf moderne Reinigungstechnologien und umweltfreundliche Reinigungsmittel, um Ihren Arbeits- oder Wohnbereich optimal zu pflegen und zu reinigen.<\/p>\n\n\n\n<p>Egal, ob es um regelm\u00e4\u00dfige Reinigungen geht oder um einmalige Projekte \u2013 wir bieten Ihnen individuelle L\u00f6sungen, die auf Ihre Bed\u00fcrfnisse abgestimmt sind. Mit unserer langj\u00e4hrigen Erfahrung und Kompetenz in den Bereichen der Geb\u00e4udereinigung und des Facility Managements k\u00f6nnen Sie sich auf uns verlassen.<\/p>\n\n\n\n<p>Kontaktieren Sie uns gerne, um mehr \u00fcber unsere vielf\u00e4ltigen Dienstleistungen zu erfahren und ein unverbindliches Angebot zu erhalten. Wir freuen uns darauf, Sie bei all Ihren Reinigungsbed\u00fcrfnissen zu unterst\u00fctzen!<\/p>\n\n\n\n<div class=\"wp-block-group is-content-justification-center is-nowrap is-layout-flex wp-container-core-group-is-layout-674ff67c wp-block-group-is-layout-flex\" style=\"padding-top:0px;padding-right:0px;padding-bottom:var(--wp--preset--spacing--50);padding-left:0px\">\n<div class=\"wp-block-group is-layout-constrained wp-container-core-group-is-layout-00831e1a wp-block-group-is-layout-constrained\">\n<div class=\"wp-block-group is-content-justification-center is-nowrap is-layout-flex wp-container-core-group-is-layout-eff0ac72 wp-block-group-is-layout-flex\">\n<div class=\"wp-block-group has-border-color has-secondary-border-color is-layout-constrained wp-block-group-is-layout-constrained\" style=\"border-width:2px\">\n<h3 class=\"has-normal-font-size wp-block-heading\" style=\"padding-top:0;padding-right:var(--wp--preset--spacing--40);padding-bottom:0;padding-left:var(--wp--preset--spacing--40);font-style:normal;font-weight:500\">Unsere Leistungen<\/h3>\n<\/div>\n<\/div>\n\n\n\n<h2 class=\"has-huge-font-size wp-block-heading\" style=\"font-style:normal;font-weight:600;text-transform:capitalize\">Unsere Dienstleistungen<\/h2>\n<\/div>\n<\/div>\n\n\n\n<div class=\"wp-block-columns alignwide is-layout-flex wp-container-core-columns-is-layout-643ced6b wp-block-columns-is-layout-flex\">\n<div class=\"wp-block-column is-vertically-aligned-center is-layout-flow wp-block-column-is-layout-flow\">\n<div class=\"wp-block-group alignwide has-box-shadow is-layout-constrained wp-container-core-group-is-layout-a22da0ff wp-block-group-is-layout-constrained\" style=\"border-style:none;border-width:0px;border-radius:0px;padding-top:60px;padding-right:60px;padding-bottom:60px;padding-left:60px\">\n<div class=\"wp-block-group is-content-justification-center is-nowrap is-layout-flex wp-container-core-group-is-layout-23441af8 wp-block-group-is-layout-flex\">\n<figure class=\"wp-block-image alignleft size-full is-resized has-custom-border wp-duotone-000000-ffffff-1\"><img loading=\"lazy\" decoding=\"async\" src=\"https:\/\/www.reuderb-reinigung.de\/wp-content\/themes\/paloma-fse\/assets\/images\/service-4.png\" alt=\"\" class=\"wp-image-364\" style=\"border-radius:0px\" width=\"50\" height=\"50\"\/><\/figure>\n<\/div>\n\n\n\n<div class=\"wp-block-group is-layout-flow wp-container-core-group-is-layout-dd5ee366 wp-block-group-is-layout-flow\" style=\"padding-top:0px;padding-right:0px;padding-bottom:0px;padding-left:0px\">\n<h3 class=\"has-text-align-center has-big-font-size wp-block-heading\" style=\"margin-top:0px;margin-right:0px;margin-bottom:5px;margin-left:0px\"><a href=\"#\">Unterhaltsreinigung<\/a><\/h3>\n\n\n\n<p class=\"has-text-align-center\">Reinigung von B\u00f6den, Oberfl\u00e4chen, Sanit\u00e4ranlagen, K\u00fcchen, B\u00fcros und Empfangsbereichen.<\/p>\n\n\n\n<div class=\"wp-block-group is-layout-flow wp-block-group-is-layout-flow\" style=\"padding-top:15px\">\n<p class=\"has-text-align-center has-background-color has-text-color has-link-color wp-elements-5902cae60cf4b03f45efa43ec924cc01\" style=\"text-transform:capitalize\"><strong><a href=\"#\"><strong><a href=\"#\">Mehr Anzeigen<\/a><\/strong><\/a><\/strong><\/p>\n<\/div>\n<\/div>\n<\/div>\n<\/div>\n\n\n\n<div class=\"wp-block-column is-vertically-aligned-center is-layout-flow wp-block-column-is-layout-flow\">\n<div class=\"wp-block-group alignwide has-box-shadow has-background-background-color has-background is-layout-constrained wp-container-core-group-is-layout-a22da0ff wp-block-group-is-layout-constrained\" style=\"border-style:none;border-width:0px;border-radius:0px;padding-top:60px;padding-right:60px;padding-bottom:60px;padding-left:60px\">\n<div class=\"wp-block-group is-content-justification-center is-nowrap is-layout-flex wp-container-core-group-is-layout-23441af8 wp-block-group-is-layout-flex\">\n<figure class=\"wp-block-image alignleft size-full is-resized has-custom-border wp-duotone-000000-ffffff-2\"><img loading=\"lazy\" decoding=\"async\" src=\"https:\/\/www.reuderb-reinigung.de\/wp-content\/themes\/paloma-fse\/assets\/images\/service-5.png\" alt=\"\" class=\"wp-image-365\" style=\"border-radius:0px\" width=\"50\" height=\"50\"\/><\/figure>\n<\/div>\n\n\n\n<div class=\"wp-block-group is-layout-flow wp-container-core-group-is-layout-dd5ee366 wp-block-group-is-layout-flow\" style=\"padding-top:0px;padding-right:0px;padding-bottom:0px;padding-left:0px\">\n<h3 class=\"has-text-align-center has-big-font-size wp-block-heading\" style=\"margin-top:0px;margin-right:0px;margin-bottom:5px;margin-left:0px\"><a href=\"#\"><a href=\"#\">Baureinigung<\/a><\/a><\/h3>\n\n\n\n<p class=\"has-text-align-center\">Entfernung von Bauschutt, die Fensterreinigung und die Grundreinigung von R\u00e4umen nach Abschluss der Bauarbeiten.<\/p>\n\n\n\n<div class=\"wp-block-group is-layout-flow wp-block-group-is-layout-flow\" style=\"padding-top:15px\">\n<p class=\"has-text-align-center has-background-color has-text-color has-link-color wp-elements-53bfe2bafecc320269ce579e90bc83df\" style=\"text-transform:capitalize\"><strong><a href=\"#\">Mehr Anzeigen<\/a><\/strong><\/p>\n<\/div>\n<\/div>\n<\/div>\n<\/div>\n\n\n\n<div class=\"wp-block-column is-vertically-aligned-center is-layout-flow wp-block-column-is-layout-flow\">\n<div class=\"wp-block-group alignwide has-box-shadow has-background-background-color has-background is-layout-constrained wp-container-core-group-is-layout-a22da0ff wp-block-group-is-layout-constrained\" style=\"border-style:none;border-width:0px;border-radius:0px;padding-top:60px;padding-right:60px;padding-bottom:60px;padding-left:60px\">\n<div class=\"wp-block-group is-content-justification-center is-nowrap is-layout-flex wp-container-core-group-is-layout-23441af8 wp-block-group-is-layout-flex\">\n<figure class=\"wp-block-image alignleft size-full is-resized has-custom-border wp-duotone-000000-ffffff-3\"><img loading=\"lazy\" decoding=\"async\" src=\"https:\/\/www.reuderb-reinigung.de\/wp-content\/themes\/paloma-fse\/assets\/images\/service-6.png\" alt=\"\" class=\"wp-image-366\" style=\"border-radius:0px\" width=\"50\" height=\"50\"\/><\/figure>\n<\/div>\n\n\n\n<div class=\"wp-block-group is-layout-flow wp-container-core-group-is-layout-dd5ee366 wp-block-group-is-layout-flow\" style=\"padding-top:0px;padding-right:0px;padding-bottom:0px;padding-left:0px\">\n<h3 class=\"has-text-align-center has-big-font-size wp-block-heading\" style=\"margin-top:0px;margin-right:0px;margin-bottom:5px;margin-left:0px\"><a href=\"#\">Reinigung von L\u00fcftungsanlagen<\/a><\/h3>\n\n\n\n<p class=\"has-text-align-center has-body-text-color has-text-color\">Entfernung von Staub, Schmutz und Keimen, um eine optimale Luftqualit\u00e4t und Energieeffizienz im Geb\u00e4ude zu gew\u00e4hrleisten.<\/p>\n\n\n\n<div class=\"wp-block-group is-layout-flow wp-block-group-is-layout-flow\" style=\"padding-top:15px\">\n<p class=\"has-text-align-center has-background-color has-text-color has-link-color wp-elements-13d901fe6fb927f66186fc85c6fdc6c0\" style=\"text-transform:capitalize\"><strong><a href=\"#\"><strong><a href=\"#\">Mehr Anzeigen<\/a><\/strong><\/a><\/strong><\/p>\n<\/div>\n<\/div>\n<\/div>\n<\/div>\n<\/div>\n\n\n\n<div class=\"wp-block-columns alignwide is-layout-flex wp-container-core-columns-is-layout-643ced6b wp-block-columns-is-layout-flex\">\n<div class=\"wp-block-column is-vertically-aligned-center is-layout-flow wp-block-column-is-layout-flow\">\n<div class=\"wp-block-group alignwide has-box-shadow has-background-background-color has-background is-layout-constrained wp-container-core-group-is-layout-a22da0ff wp-block-group-is-layout-constrained\" style=\"border-style:none;border-width:0px;border-radius:0px;padding-top:60px;padding-right:60px;padding-bottom:60px;padding-left:60px\">\n<div class=\"wp-block-group is-content-justification-center is-nowrap is-layout-flex wp-container-core-group-is-layout-23441af8 wp-block-group-is-layout-flex\">\n<figure class=\"wp-block-image alignleft size-full is-resized has-custom-border wp-duotone-000000-ffffff-4\"><img loading=\"lazy\" decoding=\"async\" src=\"https:\/\/www.reuderb-reinigung.de\/wp-content\/themes\/paloma-fse\/assets\/images\/service-7.png\" alt=\"\" class=\"wp-image-367\" style=\"border-radius:0px\" width=\"50\" height=\"50\"\/><\/figure>\n<\/div>\n\n\n\n<div class=\"wp-block-group is-layout-flow wp-container-core-group-is-layout-dd5ee366 wp-block-group-is-layout-flow\" style=\"padding-top:0px;padding-right:0px;padding-bottom:0px;padding-left:0px\">\n<h3 class=\"has-text-align-center has-primary-color has-text-color has-link-color has-big-font-size wp-block-heading wp-elements-c7dc15a18f0269b2061d43310aa01fbe\" style=\"margin-top:0px;margin-right:0px;margin-bottom:5px;margin-left:0px\">Industriereinigung<\/h3>\n\n\n\n<p class=\"has-text-align-center has-body-text-color has-text-color\">Reinigung von Produktionsanlagen, Maschinen und Ger\u00e4ten.<\/p>\n\n\n\n<div class=\"wp-block-group is-layout-flow wp-block-group-is-layout-flow\" style=\"padding-top:15px\">\n<p class=\"has-text-align-center has-background-color has-text-color has-link-color wp-elements-c8c2fced75acf33427d7403890560ef0\" style=\"text-transform:capitalize\"><strong><a href=\"#\">Mehr Anzeigen<\/a><\/strong><\/p>\n<\/div>\n<\/div>\n<\/div>\n<\/div>\n\n\n\n<div class=\"wp-block-column is-vertically-aligned-center is-layout-flow wp-block-column-is-layout-flow\">\n<div class=\"wp-block-group alignwide has-box-shadow has-background-background-color has-background is-layout-constrained wp-container-core-group-is-layout-a22da0ff wp-block-group-is-layout-constrained\" style=\"border-style:none;border-width:0px;border-radius:0px;padding-top:60px;padding-right:60px;padding-bottom:60px;padding-left:60px\">\n<div class=\"wp-block-group is-content-justification-center is-nowrap is-layout-flex wp-container-core-group-is-layout-23441af8 wp-block-group-is-layout-flex\">\n<figure class=\"wp-block-image alignleft size-full is-resized has-custom-border wp-duotone-000000-ffffff-5\"><img loading=\"lazy\" decoding=\"async\" src=\"https:\/\/www.reuderb-reinigung.de\/wp-content\/themes\/paloma-fse\/assets\/images\/service-8.png\" alt=\"\" class=\"wp-image-368\" style=\"border-radius:0px\" width=\"50\" height=\"50\"\/><\/figure>\n<\/div>\n\n\n\n<div class=\"wp-block-group is-layout-flow wp-container-core-group-is-layout-afadd63f wp-block-group-is-layout-flow\" style=\"padding-top:0px;padding-right:0px;padding-bottom:0px;padding-left:0px\">\n<h3 class=\"has-text-align-center has-big-font-size wp-block-heading\" style=\"margin-top:0px;margin-right:0px;margin-bottom:5px;margin-left:0px\"><a href=\"#\"> <a href=\"#\">Geb\u00e4udereinigung<\/a><\/a><\/h3>\n\n\n\n<p class=\"has-text-align-center has-body-text-color has-text-color\">Wir schaffen eine saubere, hygienische und gepflegte Umgebung im Geb\u00e4ude.<\/p>\n\n\n\n<div class=\"wp-block-group is-layout-flow wp-block-group-is-layout-flow\" style=\"padding-top:15px\">\n<p class=\"has-text-align-center has-background-color has-text-color has-link-color wp-elements-13d901fe6fb927f66186fc85c6fdc6c0\" style=\"text-transform:capitalize\"><strong><a href=\"#\"><strong><a href=\"#\">Mehr Anzeigen<\/a><\/strong><\/a><\/strong><\/p>\n<\/div>\n<\/div>\n<\/div>\n<\/div>\n\n\n\n<div class=\"wp-block-column is-vertically-aligned-center is-layout-flow wp-block-column-is-layout-flow\">\n<div class=\"wp-block-group alignwide has-box-shadow has-background-background-color has-background is-layout-constrained wp-container-core-group-is-layout-a22da0ff wp-block-group-is-layout-constrained\" style=\"border-style:none;border-width:0px;border-radius:0px;padding-top:60px;padding-right:60px;padding-bottom:60px;padding-left:60px\">\n<div class=\"wp-block-group is-content-justification-center is-nowrap is-layout-flex wp-container-core-group-is-layout-23441af8 wp-block-group-is-layout-flex\">\n<figure class=\"wp-block-image alignleft size-full is-resized has-custom-border wp-duotone-000000-ffffff-6\"><img loading=\"lazy\" decoding=\"async\" src=\"https:\/\/www.reuderb-reinigung.de\/wp-content\/themes\/paloma-fse\/assets\/images\/service-9.png\" alt=\"\" class=\"wp-image-371\" style=\"border-radius:0px\" width=\"50\" height=\"50\"\/><\/figure>\n<\/div>\n\n\n\n<div class=\"wp-block-group is-layout-flow wp-container-core-group-is-layout-dd5ee366 wp-block-group-is-layout-flow\" style=\"padding-top:0px;padding-right:0px;padding-bottom:0px;padding-left:0px\">\n<h3 class=\"has-text-align-center has-big-font-size wp-block-heading\" style=\"margin-top:0px;margin-right:0px;margin-bottom:5px;margin-left:0px\"><a href=\"#\"><a href=\"#\">Facility Management<\/a><\/a><\/h3>\n\n\n\n<p class=\"has-text-align-center has-body-text-color has-text-color\">Verwaltung und Betreuung von Geb\u00e4uden und Anlagen, um ein reibungsloses und effizientes Betreiben von Geb\u00e4uden sicherzustellen.<\/p>\n\n\n\n<div class=\"wp-block-group is-layout-flow wp-block-group-is-layout-flow\" style=\"padding-top:15px\">\n<p class=\"has-text-align-center has-background-color has-text-color has-link-color wp-elements-13d901fe6fb927f66186fc85c6fdc6c0\" style=\"text-transform:capitalize\"><strong><a href=\"#\"><strong><a href=\"#\">Mehr Anzeigen<\/a><\/strong><\/a><\/strong><\/p>\n<\/div>\n<\/div>\n<\/div>\n<\/div>\n<\/div>\n","protected":false},"excerpt":{"rendered":"<p>Professionelle Reinigungsdienstleistungen f\u00fcr alle Bereiche \u2013 Wir sind Ihr zuverl\u00e4ssiger Partner Wir bieten Ihnen ein [&hellip;]<\/p>\n","protected":false},"author":1,"featured_media":58,"parent":0,"menu_order":0,"comment_status":"closed","ping_status":"closed","template":"","meta":{"footnotes":""},"class_list":["post-79","page","type-page","status-publish","has-post-thumbnail","hentry"],"_links":{"self":[{"href":"https:\/\/www.reuderb-reinigung.de\/index.php?rest_route=\/wp\/v2\/pages\/79","targetHints":{"allow":["GET"]}}],"collection":[{"href":"https:\/\/www.reuderb-reinigung.de\/index.php?rest_route=\/wp\/v2\/pages"}],"about":[{"href":"https:\/\/www.reuderb-reinigung.de\/index.php?rest_route=\/wp\/v2\/types\/page"}],"author":[{"embeddable":true,"href":"https:\/\/www.reuderb-reinigung.de\/index.php?rest_route=\/wp\/v2\/users\/1"}],"replies":[{"embeddable":true,"href":"https:\/\/www.reuderb-reinigung.de\/index.php?rest_route=%2Fwp%2Fv2%2Fcomments&post=79"}],"version-history":[{"count":4,"href":"https:\/\/www.reuderb-reinigung.de\/index.php?rest_route=\/wp\/v2\/pages\/79\/revisions"}],"predecessor-version":[{"id":83,"href":"https:\/\/www.reuderb-reinigung.de\/index.php?rest_route=\/wp\/v2\/pages\/79\/revisions\/83"}],"wp:featuredmedia":[{"embeddable":true,"href":"https:\/\/www.reuderb-reinigung.de\/index.php?rest_route=\/wp\/v2\/media\/58"}],"wp:attachment":[{"href":"https:\/\/www.reuderb-reinigung.de\/index.php?rest_route=%2Fwp%2Fv2%2Fmedia&parent=79"}],"curies":[{"name":"wp","href":"https:\/\/api.w.org\/{rel}","templated":true}]}}